{"id":37411,"date":"2025-03-27T08:52:20","date_gmt":"2025-03-27T08:52:20","guid":{"rendered":"https:\/\/motionartist.studio\/?page_id=37411"},"modified":"2025-03-27T08:52:21","modified_gmt":"2025-03-27T08:52:21","slug":"declaracion-de-accesibilidad","status":"publish","type":"page","link":"https:\/\/motionartist.studio\/es\/declaracion-de-accesibilidad\/","title":{"rendered":"Declaraci\u00f3n de accesibilidad"},"content":{"rendered":"<p><strong>Pol\u00edtica de accesibilidad<\/strong><br>Rodrigo Jes\u00fas Sevilla Garro se ha comprometido a hacer accesible su sitio web de conformidad con el Real Decreto 1112\/2018, de 7 de septiembre, sobre accesibilidad de los sitios web y aplicaciones para dispositivos m\u00f3viles del sector p\u00fablico, o desarrollos financiados desde Europa.<br>La presente declaraci\u00f3n de accesibilidad se aplica al sitio web https:\/\/motionartist.studio\/ excluyendo los contenidos incrustados provenientes de otros dominios.<\/p>\n\n\n\n<p><strong>Situaci\u00f3n de cumplimiento<\/strong><br>Este sitio web es Parcialmente conforme con el RD 1112\/2018 debido a la falta de conformidad de los aspectos que se indican a continuaci\u00f3n.<br><strong>Contenido no accesible<\/strong><br>El contenido que se recoge a continuaci\u00f3n no es accesible por los siguientes motivos:<br>- Falta de conformidad:<br>- Pueden existir algunas im\u00e1genes cuya alternativa no est\u00e9 implementada o no sea correcta - - Requisito 9.1.1.1 Contenido no textual UNE-EN 301549:2022<br>- Puede existir elementos de encabezado incorrectamente implementados, o cuyo orden l\u00f3gico no sea el correcto - Requisito n\u00famero 9.1.3.1 Informaci\u00f3n y relaciones de UNE-EN 301549:2022<br>- En los formularios, puede haber campos que no se hayan facilitado su rellenado a trav\u00e9s de sistemas autom\u00e1ticos - Requisito 9.1.3.5 Identificar el prop\u00f3sito de la entrada UNE-EN 301549:2022<br>- Puede haber elementos cuyo contraste no sea el suficiente en algunas p\u00e1ginas - Requisito 9.1.4.3 Contraste UNE-EN 301549:2020<br>- Pueden existir algunos enlaces cuya funci\u00f3n u objetivo no est\u00e9n correctamente definidos - Requisito n\u00famero 9.2.4.4 Prop\u00f3sito de los enlaces de UNE-EN 301549:2020<br>- Pueden existir algunos enlaces cuyo foco no se muestra - Requisito n\u00famero 9.2.4.7 Foco visible de UNE-EN 301549:2020<br>- Podr\u00edan existir fallos puntuales de edici\u00f3n en alguna p\u00e1gina web.<br>- Carga desproporcionada: No resulta aplicable.<br>- El contenido no entra dentro del \u00e1mbito de la legislaci\u00f3n aplicable.<br>Podr\u00edan existir archivos ofim\u00e1ticos en PDF u otros formatos publicados antes del 20 de septiembre de 2018 que no cumplan en su totalidad todos los requisitos de accesibilidad.<br>Puede haber contenidos de terceros que no est\u00e9n desarrollados en esta Unidad, ni bajo su control, como archivos ofim\u00e1ticos de diferentes organismos que deban publicarse en este sitio.<\/p>\n\n\n\n<p><strong>Observaciones y datos de contacto<\/strong><br>Puede realizar comunicaciones sobre requisitos de accesibilidad [art\u00edculo 10.2.a) del RD 1112\/2018] como, por ejemplo:<\/p>\n\n\n\n<p>- Informar sobre cualquier posible incumplimiento por parte de este sitio web.<br>Transmitir otras dificultades de acceso al contenido.<br>Formular cualquier otra consulta o sugerencia de mejora relativa a la accesibilidad del sitio web a trav\u00e9s del siguiente\u00a0<a href=\"https:\/\/motionartist.studio\/es\/pongase-en-contacto-con\/\" data-type=\"page\" data-id=\"1440\">Formulario de contacto<\/a>\u00a0o llamando al tel\u00e9fono +34 669 509 683 11 de 9 a 14 horas de lunes a viernes.<br>Puede presentar:<br>- Una queja relativa al cumplimiento de los requisitos del RD 1112\/2018<br>- Una solicitud de informaci\u00f3n accesible relativa a:<br>- Contenidos que est\u00e1n excluidos del \u00e1mbito de aplicaci\u00f3n del RD 1112\/2018 seg\u00fan lo establecido por el art\u00edculo 3, apartado 4.<br>- Contenidos que est\u00e1n exentos del cumplimiento de los requisitos de accesibilidad por imponer una carga desproporcionada.<br>En la solicitud de informaci\u00f3n accesible, se debe concretar, con toda claridad, los hechos, razones y petici\u00f3n que permitan constatar que se trata de una solicitud razonable y leg\u00edtima.<\/p>","protected":false},"excerpt":{"rendered":"<p>Pol\u00edtica de accesibilidadRodrigo Jes\u00fas Sevilla Garro se ha comprometido a hacer accesible su sitio web de conformidad con el Real Decreto 1112\/2018, de 7 de&hellip;<\/p>","protected":false},"author":1,"featured_media":0,"parent":0,"menu_order":0,"comment_status":"closed","ping_status":"closed","template":"","meta":{"footnotes":""},"class_list":["post-37411","page","type-page","status-publish","hentry"],"_links":{"self":[{"href":"https:\/\/motionartist.studio\/es\/wp-json\/wp\/v2\/pages\/37411","targetHints":{"allow":["GET"]}}],"collection":[{"href":"https:\/\/motionartist.studio\/es\/wp-json\/wp\/v2\/pages"}],"about":[{"href":"https:\/\/motionartist.studio\/es\/wp-json\/wp\/v2\/types\/page"}],"author":[{"embeddable":true,"href":"https:\/\/motionartist.studio\/es\/wp-json\/wp\/v2\/users\/1"}],"replies":[{"embeddable":true,"href":"https:\/\/motionartist.studio\/es\/wp-json\/wp\/v2\/comments?post=37411"}],"version-history":[{"count":0,"href":"https:\/\/motionartist.studio\/es\/wp-json\/wp\/v2\/pages\/37411\/revisions"}],"wp:attachment":[{"href":"https:\/\/motionartist.studio\/es\/wp-json\/wp\/v2\/media?parent=37411"}],"curies":[{"name":"wp","href":"https:\/\/api.w.org\/{rel}","templated":true}]}}